{"id":53,"date":"2019-04-05T15:56:42","date_gmt":"2019-04-05T15:56:42","guid":{"rendered":"https:\/\/wl26www62.webland.ch\/?page_id=53"},"modified":"2026-03-13T18:13:34","modified_gmt":"2026-03-13T18:13:34","slug":"vermittlung","status":"publish","type":"page","link":"https:\/\/wl26www62.webland.ch\/?page_id=53","title":{"rendered":"Vermittlung"},"content":{"rendered":"\n<p>Patch Pride Ilona <\/p>\n\n\n\n<p>Gebohren 25.Januar.2025<\/p>\n\n\n\n<p>Sie sucht aus Famili\u00e4ren Gr\u00fcnden ein neues Zuhause vorzugsweise  Region Z\u00fcrich.<\/p>\n\n\n\n<figure class=\"wp-block-image size-large\"><a href=\"https:\/\/wl26www62.webland.ch\/wp-content\/uploads\/2019\/06\/20190216_094104-2.jpg\"><img loading=\"lazy\" decoding=\"async\" width=\"1024\" height=\"768\" src=\"https:\/\/wl26www62.webland.ch\/wp-content\/uploads\/2019\/06\/20190216_094104-2-1024x768.jpg\" alt=\"\" class=\"wp-image-382\" srcset=\"https:\/\/wl26www62.webland.ch\/wp-content\/uploads\/2019\/06\/20190216_094104-2.jpg 1024w, https:\/\/wl26www62.webland.ch\/wp-content\/uploads\/2019\/06\/20190216_094104-2-300x225.jpg 300w, https:\/\/wl26www62.webland.ch\/wp-content\/uploads\/2019\/06\/20190216_094104-2-768x576.jpg 768w, https:\/\/wl26www62.webland.ch\/wp-content\/uploads\/2019\/06\/20190216_094104-2-360x270.jpg 360w, https:\/\/wl26www62.webland.ch\/wp-content\/uploads\/2019\/06\/20190216_094104-2-80x60.jpg 80w\" sizes=\"auto, (max-width: 1024px) 100vw, 1024px\" \/><\/a><\/figure>\n\n\n\n<p>Patch Pride Xantos Eddie<\/p>\n\n\n\n<p>Sucht ein neues Zuhause er ist am 22. Dezember 2023 Geboren er ist ein typischer Terrier mit eigenen Kopf was in der Jetzigen Familie zum Problem wurde. Nicht zu kleinen Kindern und zu Katzen und anderen Kleintieren, er hat einen guten jagt Instinkt.<\/p>\n\n\n\n<figure class=\"wp-block-gallery has-nested-images columns-default is-cropped wp-block-gallery-1 is-layout-flex wp-block-gallery-is-layout-flex\">\n<figure class=\"wp-block-image size-large\"><a href=\"https:\/\/wl26www62.webland.ch\/wp-content\/uploads\/2024\/02\/8d772b2b-f839-45d2-ac32-6171da738fea.jpg\"><img loading=\"lazy\" decoding=\"async\" width=\"1024\" height=\"893\" data-id=\"1015\" src=\"https:\/\/wl26www62.webland.ch\/wp-content\/uploads\/2024\/02\/8d772b2b-f839-45d2-ac32-6171da738fea-1024x893.jpg\" alt=\"\" class=\"wp-image-1015\" srcset=\"https:\/\/wl26www62.webland.ch\/wp-content\/uploads\/2024\/02\/8d772b2b-f839-45d2-ac32-6171da738fea-1024x893.jpg 1024w, https:\/\/wl26www62.webland.ch\/wp-content\/uploads\/2024\/02\/8d772b2b-f839-45d2-ac32-6171da738fea-300x262.jpg 300w, https:\/\/wl26www62.webland.ch\/wp-content\/uploads\/2024\/02\/8d772b2b-f839-45d2-ac32-6171da738fea-768x670.jpg 768w, https:\/\/wl26www62.webland.ch\/wp-content\/uploads\/2024\/02\/8d772b2b-f839-45d2-ac32-6171da738fea-1536x1340.jpg 1536w, https:\/\/wl26www62.webland.ch\/wp-content\/uploads\/2024\/02\/8d772b2b-f839-45d2-ac32-6171da738fea.jpg 1600w\" sizes=\"auto, (max-width: 1024px) 100vw, 1024px\" \/><\/a><\/figure>\n\n\n\n<figure class=\"wp-block-image size-large\"><a href=\"https:\/\/wl26www62.webland.ch\/wp-content\/uploads\/2024\/02\/94b3a868-a521-4050-9020-23c027b21806.jpg\"><img loading=\"lazy\" decoding=\"async\" width=\"1024\" height=\"770\" data-id=\"1017\" src=\"https:\/\/wl26www62.webland.ch\/wp-content\/uploads\/2024\/02\/94b3a868-a521-4050-9020-23c027b21806-1024x770.jpg\" alt=\"\" class=\"wp-image-1017\" srcset=\"https:\/\/wl26www62.webland.ch\/wp-content\/uploads\/2024\/02\/94b3a868-a521-4050-9020-23c027b21806-1024x770.jpg 1024w, https:\/\/wl26www62.webland.ch\/wp-content\/uploads\/2024\/02\/94b3a868-a521-4050-9020-23c027b21806-300x226.jpg 300w, https:\/\/wl26www62.webland.ch\/wp-content\/uploads\/2024\/02\/94b3a868-a521-4050-9020-23c027b21806-768x577.jpg 768w, https:\/\/wl26www62.webland.ch\/wp-content\/uploads\/2024\/02\/94b3a868-a521-4050-9020-23c027b21806-1536x1155.jpg 1536w, https:\/\/wl26www62.webland.ch\/wp-content\/uploads\/2024\/02\/94b3a868-a521-4050-9020-23c027b21806-360x270.jpg 360w, https:\/\/wl26www62.webland.ch\/wp-content\/uploads\/2024\/02\/94b3a868-a521-4050-9020-23c027b21806-80x60.jpg 80w, https:\/\/wl26www62.webland.ch\/wp-content\/uploads\/2024\/02\/94b3a868-a521-4050-9020-23c027b21806.jpg 1600w\" sizes=\"auto, (max-width: 1024px) 100vw, 1024px\" \/><\/a><\/figure>\n\n\n\n<figure class=\"wp-block-image size-large\"><a href=\"https:\/\/wl26www62.webland.ch\/wp-content\/uploads\/2024\/02\/IMG_7507-scaled.jpg\"><img loading=\"lazy\" decoding=\"async\" width=\"1024\" height=\"683\" data-id=\"1005\" src=\"https:\/\/wl26www62.webland.ch\/wp-content\/uploads\/2024\/02\/IMG_7507-1024x683.jpg\" alt=\"\" class=\"wp-image-1005\" srcset=\"https:\/\/wl26www62.webland.ch\/wp-content\/uploads\/2024\/02\/IMG_7507-1024x683.jpg 1024w, https:\/\/wl26www62.webland.ch\/wp-content\/uploads\/2024\/02\/IMG_7507-300x200.jpg 300w, https:\/\/wl26www62.webland.ch\/wp-content\/uploads\/2024\/02\/IMG_7507-768x512.jpg 768w, https:\/\/wl26www62.webland.ch\/wp-content\/uploads\/2024\/02\/IMG_7507-1536x1024.jpg 1536w, https:\/\/wl26www62.webland.ch\/wp-content\/uploads\/2024\/02\/IMG_7507-2048x1365.jpg 2048w\" sizes=\"auto, (max-width: 1024px) 100vw, 1024px\" \/><\/a><\/figure>\n\n\n\n<figure class=\"wp-block-image size-large\"><a href=\"https:\/\/wl26www62.webland.ch\/wp-content\/uploads\/2024\/02\/d36bfe07-79b8-48b8-9113-d480b0e02c30.jpg\"><img loading=\"lazy\" decoding=\"async\" width=\"1024\" height=\"897\" data-id=\"1016\" src=\"https:\/\/wl26www62.webland.ch\/wp-content\/uploads\/2024\/02\/d36bfe07-79b8-48b8-9113-d480b0e02c30-1024x897.jpg\" alt=\"\" class=\"wp-image-1016\" srcset=\"https:\/\/wl26www62.webland.ch\/wp-content\/uploads\/2024\/02\/d36bfe07-79b8-48b8-9113-d480b0e02c30-1024x897.jpg 1024w, https:\/\/wl26www62.webland.ch\/wp-content\/uploads\/2024\/02\/d36bfe07-79b8-48b8-9113-d480b0e02c30-300x263.jpg 300w, https:\/\/wl26www62.webland.ch\/wp-content\/uploads\/2024\/02\/d36bfe07-79b8-48b8-9113-d480b0e02c30-768x672.jpg 768w, https:\/\/wl26www62.webland.ch\/wp-content\/uploads\/2024\/02\/d36bfe07-79b8-48b8-9113-d480b0e02c30-1536x1345.jpg 1536w, https:\/\/wl26www62.webland.ch\/wp-content\/uploads\/2024\/02\/d36bfe07-79b8-48b8-9113-d480b0e02c30.jpg 1600w\" sizes=\"auto, (max-width: 1024px) 100vw, 1024px\" \/><\/a><\/figure>\n<\/figure>\n","protected":false},"excerpt":{"rendered":"<p>Patch Pride Ilona Gebohren 25.Januar.2025 Sie sucht aus Famili\u00e4ren Gr\u00fcnden ein neues Zuhause vorzugsweise Region Z\u00fcrich. Patch Pride Xantos Eddie Sucht ein neues Zuhause er ist am 22. Dezember 2023 [&hellip;]<\/p>\n","protected":false},"author":1,"featured_media":0,"parent":0,"menu_order":0,"comment_status":"closed","ping_status":"closed","template":"","meta":{"footnotes":""},"class_list":["post-53","page","type-page","status-publish","hentry"],"_links":{"self":[{"href":"https:\/\/wl26www62.webland.ch\/index.php?rest_route=\/wp\/v2\/pages\/53","targetHints":{"allow":["GET"]}}],"collection":[{"href":"https:\/\/wl26www62.webland.ch\/index.php?rest_route=\/wp\/v2\/pages"}],"about":[{"href":"https:\/\/wl26www62.webland.ch\/index.php?rest_route=\/wp\/v2\/types\/page"}],"author":[{"embeddable":true,"href":"https:\/\/wl26www62.webland.ch\/index.php?rest_route=\/wp\/v2\/users\/1"}],"replies":[{"embeddable":true,"href":"https:\/\/wl26www62.webland.ch\/index.php?rest_route=%2Fwp%2Fv2%2Fcomments&post=53"}],"version-history":[{"count":9,"href":"https:\/\/wl26www62.webland.ch\/index.php?rest_route=\/wp\/v2\/pages\/53\/revisions"}],"predecessor-version":[{"id":1395,"href":"https:\/\/wl26www62.webland.ch\/index.php?rest_route=\/wp\/v2\/pages\/53\/revisions\/1395"}],"wp:attachment":[{"href":"https:\/\/wl26www62.webland.ch\/index.php?rest_route=%2Fwp%2Fv2%2Fmedia&parent=53"}],"curies":[{"name":"wp","href":"https:\/\/api.w.org\/{rel}","templated":true}]}}